{"id":847,"date":"2013-03-22T13:54:49","date_gmt":"2013-03-22T13:54:49","guid":{"rendered":"https:\/\/velo-land.ch\/web\/?page_id=847"},"modified":"2025-08-15T07:33:14","modified_gmt":"2025-08-15T06:33:14","slug":"velos","status":"publish","type":"page","link":"https:\/\/velo-land.ch\/web\/velos\/","title":{"rendered":"Velos"},"content":{"rendered":"<p><strong>Unsere Brands<\/strong><\/p>\n<p><strong><a href=\"http:\/\/www.bikes.com\">Rocky Mountain Bikes<\/a><\/strong><br \/>\n<strong>das Kultbike aus Vancouver, unerreicht in seiner Perfomance<\/strong><\/p>\n<p><strong><a href=\"http:\/\/www.mondraker.com\">Mondraker<\/a><\/strong><br \/>\n<strong>Racebikes aus Spanien, Cross Country bis Downhill<\/strong><\/p>\n<p><strong><a href=\"http:\/\/www.noxcycles.ch\">Noxcycles<\/a><\/strong><br \/>\n<strong>Das E-Velo aus \u00d6sterreich, der SUV f\u00fcr den Alltag<\/strong><\/p>\n<p><strong><a href=\"http:\/\/www.lookcycle.com\">Look Cycle<\/a><\/strong><br \/>\n<strong>Carbon-Pr\u00e4zision aus Frankreich, das Rennvelo der Extraklasse<\/strong><\/p>\n<p><strong><a href=\"http:\/\/www.mtbcycletech.com\">MTB Cycletech<\/a><\/strong><br \/>\n<strong>City- und Touringbikes made in Switzerland<\/strong><\/p>\n<p>&nbsp;<\/p>\n","protected":false},"excerpt":{"rendered":"<p>Unsere Brands Rocky Mountain Bikes das Kultbike aus Vancouver, unerreicht in seiner Perfomance Mondraker Racebikes aus Spanien, Cross Country bis Downhill Noxcycles Das E-Velo aus \u00d6sterreich, der SUV f\u00fcr den Alltag Look Cycle Carbon-Pr\u00e4zision aus Frankreich, das Rennvelo der Extraklasse MTB Cycletech City- und Touringbikes made in Switzerland &nbsp;<\/p>\n","protected":false},"author":1,"featured_media":0,"parent":0,"menu_order":0,"comment_status":"closed","ping_status":"closed","template":"","meta":{"ngg_post_thumbnail":0,"footnotes":""},"class_list":["post-847","page","type-page","status-publish","hentry"],"_links":{"self":[{"href":"https:\/\/velo-land.ch\/web\/wp-json\/wp\/v2\/pages\/847","targetHints":{"allow":["GET"]}}],"collection":[{"href":"https:\/\/velo-land.ch\/web\/wp-json\/wp\/v2\/pages"}],"about":[{"href":"https:\/\/velo-land.ch\/web\/wp-json\/wp\/v2\/types\/page"}],"author":[{"embeddable":true,"href":"https:\/\/velo-land.ch\/web\/wp-json\/wp\/v2\/users\/1"}],"replies":[{"embeddable":true,"href":"https:\/\/velo-land.ch\/web\/wp-json\/wp\/v2\/comments?post=847"}],"version-history":[{"count":16,"href":"https:\/\/velo-land.ch\/web\/wp-json\/wp\/v2\/pages\/847\/revisions"}],"predecessor-version":[{"id":5098,"href":"https:\/\/velo-land.ch\/web\/wp-json\/wp\/v2\/pages\/847\/revisions\/5098"}],"wp:attachment":[{"href":"https:\/\/velo-land.ch\/web\/wp-json\/wp\/v2\/media?parent=847"}],"curies":[{"name":"wp","href":"https:\/\/api.w.org\/{rel}","templated":true}]}}