{"id":4996,"date":"2025-02-07T15:08:10","date_gmt":"2025-02-07T14:08:10","guid":{"rendered":"https:\/\/velo-land.ch\/web\/?page_id=4996"},"modified":"2025-02-07T15:13:08","modified_gmt":"2025-02-07T14:13:08","slug":"service","status":"publish","type":"page","link":"https:\/\/velo-land.ch\/web\/service\/","title":{"rendered":"Service"},"content":{"rendered":"<p><strong>Kleinere Reparaturen werden kurzfristig erledigt, bitte melden Sie ihr Velo f\u00fcr Servicearbeiten an!<\/strong><\/p>\n<p><strong>Stundenansatz 120.- inkl. MwSt.<\/strong><\/p>\n<p><strong>Ersatzvelo (kein E-Bike!) gratis.<\/strong><\/p>\n<p><strong>Lagergeb\u00fchr f\u00fcr nicht abgeholte Velos 5.-\/Tag.<\/strong><\/p>\n","protected":false},"excerpt":{"rendered":"<p>Kleinere Reparaturen werden kurzfristig erledigt, bitte melden Sie ihr Velo f\u00fcr Servicearbeiten an! Stundenansatz 120.- inkl. MwSt. Ersatzvelo (kein E-Bike!) gratis. Lagergeb\u00fchr f\u00fcr nicht abgeholte Velos 5.-\/Tag.<\/p>\n","protected":false},"author":2,"featured_media":0,"parent":0,"menu_order":0,"comment_status":"closed","ping_status":"closed","template":"","meta":{"ngg_post_thumbnail":0,"footnotes":""},"class_list":["post-4996","page","type-page","status-publish","hentry"],"_links":{"self":[{"href":"https:\/\/velo-land.ch\/web\/wp-json\/wp\/v2\/pages\/4996","targetHints":{"allow":["GET"]}}],"collection":[{"href":"https:\/\/velo-land.ch\/web\/wp-json\/wp\/v2\/pages"}],"about":[{"href":"https:\/\/velo-land.ch\/web\/wp-json\/wp\/v2\/types\/page"}],"author":[{"embeddable":true,"href":"https:\/\/velo-land.ch\/web\/wp-json\/wp\/v2\/users\/2"}],"replies":[{"embeddable":true,"href":"https:\/\/velo-land.ch\/web\/wp-json\/wp\/v2\/comments?post=4996"}],"version-history":[{"count":3,"href":"https:\/\/velo-land.ch\/web\/wp-json\/wp\/v2\/pages\/4996\/revisions"}],"predecessor-version":[{"id":5001,"href":"https:\/\/velo-land.ch\/web\/wp-json\/wp\/v2\/pages\/4996\/revisions\/5001"}],"wp:attachment":[{"href":"https:\/\/velo-land.ch\/web\/wp-json\/wp\/v2\/media?parent=4996"}],"curies":[{"name":"wp","href":"https:\/\/api.w.org\/{rel}","templated":true}]}}